{"id":19871,"date":"2024-11-18T10:03:00","date_gmt":"2024-11-18T09:03:00","guid":{"rendered":"https:\/\/eventeam.fr\/?post_type=product&#038;p=19871"},"modified":"2025-04-24T10:05:51","modified_gmt":"2025-04-24T08:05:51","slug":"autumn-nations-series-2025","status":"publish","type":"product","link":"https:\/\/eventeam.fr\/en\/product\/autumn-nations-series-2025\/","title":{"rendered":"Autumn Nations Series 2025"},"content":{"rendered":"\t\t<div data-elementor-type=\"product-post\" data-elementor-id=\"19871\" class=\"elementor elementor-19871\" data-elementor-post-type=\"product\">\n\t\t\t\t<div class=\"elementor-element elementor-element-0c3cded headerprod e-con-full e-flex e-con e-parent\" data-id=\"0c3cded\" data-element_type=\"container\" data-e-type=\"container\" data-settings=\"{&quot;background_background&quot;:&quot;classic&quot;}\">\n\t\t<div class=\"elementor-element elementor-element-eaeada4 e-flex e-con-boxed e-con e-child\" data-id=\"eaeada4\" data-element_type=\"container\" data-e-type=\"container\" data-settings=\"{&quot;background_background&quot;:&quot;classic&quot;}\">\n\t\t\t\t\t<div class=\"e-con-inner\">\n\t\t\t\t<div class=\"elementor-element elementor-element-10b056a elementor-widget elementor-widget-text-editor\" data-id=\"10b056a\" data-element_type=\"widget\" data-e-type=\"widget\" id=\"retour\" data-widget_type=\"text-editor.default\">\n\t\t\t\t<div class=\"elementor-widget-container\">\n\t\t\t\t\t\t\t\t\t<p><a style=\"display: flex;color: white;\" href=\"javascript:history.back()\"><img decoding=\"async\" src=\"\/wp-content\/uploads\/2024\/03\/arrow-left.svg\" width=\"12px\" align=\"left\"> &nbsp;Back<\/a><\/p>\n\t\t\t\t\t\t\t\t<\/div>\n\t\t\t\t<\/div>\n\t\t\t\t<div class=\"elementor-element elementor-element-0225799 elementor-widget elementor-widget-spacer\" data-id=\"0225799\" data-element_type=\"widget\" data-e-type=\"widget\" data-widget_type=\"spacer.default\">\n\t\t\t\t<div class=\"elementor-widget-container\">\n\t\t\t\t\t\t\t<div class=\"elementor-spacer\">\n\t\t\t<div class=\"elementor-spacer-inner\"><\/div>\n\t\t<\/div>\n\t\t\t\t\t\t<\/div>\n\t\t\t\t<\/div>\n\t\t\t\t<div class=\"elementor-element elementor-element-b433236 elementor-widget elementor-widget-text-editor\" data-id=\"b433236\" data-element_type=\"widget\" data-e-type=\"widget\" id=\"competition\" data-widget_type=\"text-editor.default\">\n\t\t\t\t<div class=\"elementor-widget-container\">\n\t\t\t\t\t\t\t\t\t<p>RUGBY<\/p>\n\t\t\t\t\t\t\t\t<\/div>\n\t\t\t\t<\/div>\n\t\t\t\t<div class=\"elementor-element elementor-element-7861d57 elementor-widget elementor-widget-heading\" data-id=\"7861d57\" data-element_type=\"widget\" data-e-type=\"widget\" data-widget_type=\"heading.default\">\n\t\t\t\t<div class=\"elementor-widget-container\">\n\t\t\t\t\t<h1 class=\"elementor-heading-title elementor-size-default\">AUTUMN NATIONS SERIES 2025<\/h1>\t\t\t\t<\/div>\n\t\t\t\t<\/div>\n\t\t\t\t<div class=\"elementor-element elementor-element-4e158e5 elementor-widget elementor-widget-text-editor\" data-id=\"4e158e5\" data-element_type=\"widget\" data-e-type=\"widget\" id=\"datelieu\" data-widget_type=\"text-editor.default\">\n\t\t\t\t<div class=\"elementor-widget-container\">\n\t\t\t\t\t\t\t\t\t<p><img decoding=\"async\" src=\"\/wp-content\/uploads\/2024\/03\/calendar.svg\" align=\"left\">&nbsp;FROM 11\/01\/2025 to 11\/29\/2025 <span style=\"color: var( --e-global-color-9f2f5f4 );\">&nbsp;&#8211; <\/span>&nbsp;FRANCE<\/p>\t\t\t\t\t\t\t\t<\/div>\n\t\t\t\t<\/div>\n\t\t\t\t<div class=\"elementor-element elementor-element-4d1aa74 elementor-hidden-mobile elementor-widget elementor-widget-spacer\" data-id=\"4d1aa74\" data-element_type=\"widget\" data-e-type=\"widget\" data-widget_type=\"spacer.default\">\n\t\t\t\t<div class=\"elementor-widget-container\">\n\t\t\t\t\t\t\t<div class=\"elementor-spacer\">\n\t\t\t<div class=\"elementor-spacer-inner\"><\/div>\n\t\t<\/div>\n\t\t\t\t\t\t<\/div>\n\t\t\t\t<\/div>\n\t\t\t\t\t<\/div>\n\t\t\t\t<\/div>\n\t\t\t\t<\/div>\n\t\t<div class=\"elementor-element elementor-element-7dfd4811 e-con-full headerprod e-flex e-con e-parent\" data-id=\"7dfd4811\" data-element_type=\"container\" data-e-type=\"container\" data-settings=\"{&quot;background_background&quot;:&quot;classic&quot;}\">\n\t\t\t\t<div class=\"elementor-element elementor-element-66f9669 elementor-align-center elementor-widget elementor-widget-button\" data-id=\"66f9669\" data-element_type=\"widget\" data-e-type=\"widget\" data-widget_type=\"button.default\">\n\t\t\t\t<div class=\"elementor-widget-container\">\n\t\t\t\t\t\t\t\t\t<div class=\"elementor-button-wrapper\">\n\t\t\t\t\t<a class=\"elementor-button elementor-size-xl\" role=\"button\">\n\t\t\t\t\t\t<span class=\"elementor-button-content-wrapper\">\n\t\t\t\t\t\t\t\t\t<span class=\"elementor-button-text\">Pre-registration<\/span>\n\t\t\t\t\t<\/span>\n\t\t\t\t\t<\/a>\n\t\t\t\t<\/div>\n\t\t\t\t\t\t\t\t<\/div>\n\t\t\t\t<\/div>\n\t\t\t\t<div class=\"elementor-element elementor-element-05bc77d elementor-widget elementor-widget-text-editor\" data-id=\"05bc77d\" data-element_type=\"widget\" data-e-type=\"widget\" data-widget_type=\"text-editor.default\">\n\t\t\t\t<div class=\"elementor-widget-container\">\n\t\t\t\t\t\t\t\t\t<p>Get ready for some unforgettable rugby moments! The autumn 2025 tour promises to be explosive with titanic clashes. Les Bleus, winners of the 2025 Six Nations Tournament, are ready to do battle and show their supremacy on the field. Don&#8217;t miss these unmissable events at the Stade de France, where the atmosphere will be electric and the supporters on fire!   <\/p>\n<ul>\n<li><strong>France vs South Africa<\/strong>: on 8 November, Les Bleus will face the reigning world champions. An explosive clash in prospect and revenge to be taken after the quarter-final lost by one point during the 2023 Rugby World Cup! <\/li>\n<li><strong>France vs Fiji<\/strong>: on 15 November, Les Bleus will face the Fijians, known for their spectacular and unpredictable rugby.<\/li>\n<li><strong>France vs Australia<\/strong>: on 22 November, the tour will conclude with a duel against the Wallabies, who are looking for a new dynamic to prepare for the World Cup in Australia in 2027.<\/li>\n<\/ul>\n<p style=\"text-align: center;\"><b>Experience top-of-the-range official hospitality with your clients and partners or with friends, courtesy of Eventeam! Leave us your details and we will get in touch! <\/b><\/p>\n\t\t\t\t\t\t\t\t<\/div>\n\t\t\t\t<\/div>\n\t\t\t\t<\/div>\n\t\t<div class=\"elementor-element elementor-element-0c21268 bloc-form e-flex e-con-boxed e-con e-parent\" data-id=\"0c21268\" data-element_type=\"container\" data-e-type=\"container\">\n\t\t\t\t\t<div class=\"e-con-inner\">\n\t\t\t\t<div class=\"elementor-element elementor-element-3c95882 elementor-widget-tablet_extra__width-initial elementor-widget elementor-widget-shortcode\" data-id=\"3c95882\" data-element_type=\"widget\" data-e-type=\"widget\" id=\"form-sinformer\" data-widget_type=\"shortcode.default\">\n\t\t\t\t<div class=\"elementor-widget-container\">\n\t\t\t\t\t\t\t<div class=\"elementor-shortcode\"><p class=\"wpcf7-contact-form-not-found\"><strong>Error:<\/strong> Contact form not found.<\/p><\/div>\n\t\t\t\t\t\t<\/div>\n\t\t\t\t<\/div>\n\t\t\t\t<div class=\"elementor-element elementor-element-6b5d0cb elementor-widget elementor-widget-text-editor\" data-id=\"6b5d0cb\" data-element_type=\"widget\" data-e-type=\"widget\" data-widget_type=\"text-editor.default\">\n\t\t\t\t<div class=\"elementor-widget-container\">\n\t\t\t\t\t\t\t\t\t<h6><em>EVENTEAM processes the data collected in order to keep you informed of events and to answer your questions. For more information on how we use your personal data and on your rights, please consult our <a style=\"background-color: #ffffff;\" href=\"https:\/\/eventeam.fr\/politique-de-confidentialite\/\" target=\"_blank\" rel=\"noopener\">Privacy Policy<\/a>. <\/em><\/h6>\n<h6><em>* Mandatory fields<\/em><\/h6>\n\t\t\t\t\t\t\t\t<\/div>\n\t\t\t\t<\/div>\n\t\t\t\t\t<\/div>\n\t\t\t\t<\/div>\n\t\t<div class=\"elementor-element elementor-element-939b454 e-con-full e-flex e-con e-parent\" data-id=\"939b454\" data-element_type=\"container\" data-e-type=\"container\" id=\"eve-titre\" data-settings=\"{&quot;background_background&quot;:&quot;classic&quot;}\">\n\t\t<div class=\"elementor-element elementor-element-3fe5f7f e-con-full e-flex e-con e-child\" data-id=\"3fe5f7f\" data-element_type=\"container\" data-e-type=\"container\">\n\t\t\t\t<div class=\"elementor-element elementor-element-585b20e elementor-widget elementor-widget-heading\" data-id=\"585b20e\" data-element_type=\"widget\" data-e-type=\"widget\" data-widget_type=\"heading.default\">\n\t\t\t\t<div class=\"elementor-widget-container\">\n\t\t\t\t\t<h4 class=\"elementor-heading-title elementor-size-default\">FIND OUR EVENTS<\/h4>\t\t\t\t<\/div>\n\t\t\t\t<\/div>\n\t\t\t\t<\/div>\n\t\t\t\t<\/div>\n\t\t<div class=\"elementor-element elementor-element-6e14352 e-con-full e-flex e-con e-parent\" data-id=\"6e14352\" data-element_type=\"container\" data-e-type=\"container\" id=\"eve-contenu\" data-settings=\"{&quot;background_background&quot;:&quot;classic&quot;}\">\n\t\t\t\t<div class=\"woocommerce elementor-element elementor-element-da917bd elementor-widget elementor-widget-loop-carousel\" data-id=\"da917bd\" data-element_type=\"widget\" data-e-type=\"widget\" data-settings=\"{&quot;_skin&quot;:&quot;product&quot;,&quot;template_id&quot;:16792,&quot;slides_to_show&quot;:&quot;3&quot;,&quot;slides_to_show_widescreen&quot;:&quot;3&quot;,&quot;slides_to_show_laptop&quot;:&quot;3&quot;,&quot;slides_to_show_tablet_extra&quot;:&quot;3&quot;,&quot;slides_to_show_tablet&quot;:&quot;2&quot;,&quot;slides_to_show_mobile&quot;:&quot;1&quot;,&quot;slides_to_scroll&quot;:&quot;1&quot;,&quot;edit_handle_selector&quot;:&quot;.elementor-loop-container&quot;,&quot;infinite&quot;:&quot;yes&quot;,&quot;speed&quot;:500,&quot;offset_sides&quot;:&quot;none&quot;,&quot;image_spacing_custom&quot;:{&quot;unit&quot;:&quot;px&quot;,&quot;size&quot;:10,&quot;sizes&quot;:[]},&quot;image_spacing_custom_widescreen&quot;:{&quot;unit&quot;:&quot;px&quot;,&quot;size&quot;:&quot;&quot;,&quot;sizes&quot;:[]},&quot;image_spacing_custom_laptop&quot;:{&quot;unit&quot;:&quot;px&quot;,&quot;size&quot;:&quot;&quot;,&quot;sizes&quot;:[]},&quot;image_spacing_custom_tablet_extra&quot;:{&quot;unit&quot;:&quot;px&quot;,&quot;size&quot;:&quot;&quot;,&quot;sizes&quot;:[]},&quot;image_spacing_custom_tablet&quot;:{&quot;unit&quot;:&quot;px&quot;,&quot;size&quot;:&quot;&quot;,&quot;sizes&quot;:[]},&quot;image_spacing_custom_mobile&quot;:{&quot;unit&quot;:&quot;px&quot;,&quot;size&quot;:&quot;&quot;,&quot;sizes&quot;:[]}}\" data-widget_type=\"loop-carousel.product\">\n\t\t\t\t<div class=\"elementor-widget-container\">\n\t\t\t\t\t\t\t<div class=\"e-loop-nothing-found-message\">\n\t\t<\/div>\n\t\t\t\t\t\t<\/div>\n\t\t\t\t<\/div>\n\t\t\t\t<\/div>\n\t\t<div class=\"elementor-element elementor-element-6432e30 e-flex e-con-boxed e-con e-parent\" data-id=\"6432e30\" data-element_type=\"container\" data-e-type=\"container\">\n\t\t\t\t\t<div class=\"e-con-inner\">\n\t\t\t\t\t<\/div>\n\t\t\t\t<\/div>\n\t\t\t\t<\/div>\n\t\t","protected":false},"excerpt":{"rendered":"<p>Get ready for some unforgettable rugby moments! The autumn 2025 tour promises to be explosive with titanic clashes. Les Bleus, winners of the 2025 Six Nations Tournament, are ready to do battle and show their supremacy on the field. Don&#8217;t miss these unmissable events at the Stade de France, where the atmosphere will be electric and the supporters on fire!<\/p>\n<p>&nbsp;<\/p>\n<ul>\n<li>France vs South Africa: on 8 November, Les Bleus will face the reigning world champions. An explosive clash in prospect and revenge to be taken after the quarter-final lost by a point at the 2023 Rugby World Cup!<\/li>\n<li>France vs Fiji: on 15 November, Les Bleus will face the Fijians, known for their spectacular and unpredictable rugby.<\/li>\n<li>France vs Australia: on 22 November, the tour will conclude with a duel against the Wallabies, who are looking for a new dynamic to prepare for the World Cup in Australia in 2027.<\/li>\n<\/ul>\n<p>&nbsp;<\/p>\n<p>Enjoy a top-of-the-range official hospitality experience with your clients and partners or with friends, courtesy of Eventeam! Leave us your details and we will contact you!<\/p>\n","protected":false},"featured_media":25555,"template":"","meta":{"_acf_changed":false},"product_brand":[],"product_cat":[317],"product_tag":[487],"class_list":{"0":"post-19871","1":"product","2":"type-product","3":"status-publish","4":"has-post-thumbnail","6":"product_cat-sport-en","7":"product_tag-1-to-29-november-2025","8":"pa_date-1-to-29-november-2025","9":"pa_hospitalite-salon-eventeam-live-en","10":"pa_lieu-england","11":"pa_sport-rugby-en","13":"first","14":"outofstock","15":"virtual","16":"taxable","17":"product-type-simple"},"acf":[],"yoast_head":"<!-- This site is optimized with the Yoast SEO plugin v27.5 - https:\/\/yoast.com\/product\/yoast-seo-wordpress\/ -->\n<title>Autumn Nations Series 2025 - Eventeam Live<\/title>\n<meta name=\"description\" content=\"Get ready for some unforgettable rugby moments! The autumn 2025 tour promises to be explosive with clashes of the titans.\" \/>\n<meta name=\"robots\" content=\"index, follow, max-snippet:-1, max-image-preview:large, max-video-preview:-1\" \/>\n<link rel=\"canonical\" href=\"https:\/\/eventeam.fr\/en\/product\/autumn-nations-series-2025\/\" \/>\n<meta property=\"og:locale\" content=\"en_US\" \/>\n<meta property=\"og:type\" content=\"article\" \/>\n<meta property=\"og:title\" content=\"Autumn Nations Series 2025 - Eventeam Live\" \/>\n<meta property=\"og:description\" content=\"Get ready for some unforgettable rugby moments! The autumn 2025 tour promises to be explosive with clashes of the titans.\" \/>\n<meta property=\"og:url\" content=\"https:\/\/eventeam.fr\/en\/product\/autumn-nations-series-2025\/\" \/>\n<meta property=\"og:site_name\" content=\"Eventeam Live\" \/>\n<meta property=\"article:publisher\" content=\"https:\/\/www.facebook.com\/EventeamGroup\/\" \/>\n<meta property=\"article:modified_time\" content=\"2025-04-24T08:05:51+00:00\" \/>\n<meta property=\"og:image\" content=\"https:\/\/eventeam.fr\/wp-content\/uploads\/2024\/11\/Affichette-Rugby-Test-Match-2025.png\" \/>\n\t<meta property=\"og:image:width\" content=\"346\" \/>\n\t<meta property=\"og:image:height\" content=\"488\" \/>\n\t<meta property=\"og:image:type\" content=\"image\/png\" \/>\n<meta name=\"twitter:card\" content=\"summary_large_image\" \/>\n<meta name=\"twitter:site\" content=\"@EventeamGroup\" \/>\n<script type=\"application\/ld+json\" class=\"yoast-schema-graph\">{\"@context\":\"https:\\\/\\\/schema.org\",\"@graph\":[{\"@type\":\"WebPage\",\"@id\":\"https:\\\/\\\/eventeam.fr\\\/en\\\/product\\\/autumn-nations-series-2025\\\/\",\"url\":\"https:\\\/\\\/eventeam.fr\\\/en\\\/product\\\/autumn-nations-series-2025\\\/\",\"name\":\"Autumn Nations Series 2025 - Eventeam Live\",\"isPartOf\":{\"@id\":\"https:\\\/\\\/eventeam.fr\\\/en\\\/#website\"},\"primaryImageOfPage\":{\"@id\":\"https:\\\/\\\/eventeam.fr\\\/en\\\/product\\\/autumn-nations-series-2025\\\/#primaryimage\"},\"image\":{\"@id\":\"https:\\\/\\\/eventeam.fr\\\/en\\\/product\\\/autumn-nations-series-2025\\\/#primaryimage\"},\"thumbnailUrl\":\"https:\\\/\\\/eventeam.fr\\\/wp-content\\\/uploads\\\/2024\\\/11\\\/Affichette-Rugby-Test-Match-2025.png\",\"datePublished\":\"2024-11-18T09:03:00+00:00\",\"dateModified\":\"2025-04-24T08:05:51+00:00\",\"description\":\"Get ready for some unforgettable rugby moments! The autumn 2025 tour promises to be explosive with clashes of the titans.\",\"breadcrumb\":{\"@id\":\"https:\\\/\\\/eventeam.fr\\\/en\\\/product\\\/autumn-nations-series-2025\\\/#breadcrumb\"},\"inLanguage\":\"en-US\",\"potentialAction\":[{\"@type\":\"ReadAction\",\"target\":[\"https:\\\/\\\/eventeam.fr\\\/en\\\/product\\\/autumn-nations-series-2025\\\/\"]}]},{\"@type\":\"ImageObject\",\"inLanguage\":\"en-US\",\"@id\":\"https:\\\/\\\/eventeam.fr\\\/en\\\/product\\\/autumn-nations-series-2025\\\/#primaryimage\",\"url\":\"https:\\\/\\\/eventeam.fr\\\/wp-content\\\/uploads\\\/2024\\\/11\\\/Affichette-Rugby-Test-Match-2025.png\",\"contentUrl\":\"https:\\\/\\\/eventeam.fr\\\/wp-content\\\/uploads\\\/2024\\\/11\\\/Affichette-Rugby-Test-Match-2025.png\",\"width\":346,\"height\":488,\"caption\":\"Test Matchs 2025\"},{\"@type\":\"BreadcrumbList\",\"@id\":\"https:\\\/\\\/eventeam.fr\\\/en\\\/product\\\/autumn-nations-series-2025\\\/#breadcrumb\",\"itemListElement\":[{\"@type\":\"ListItem\",\"position\":1,\"name\":\"Accueil\",\"item\":\"https:\\\/\\\/eventeam.fr\\\/en\\\/\"},{\"@type\":\"ListItem\",\"position\":2,\"name\":\"Products\",\"item\":\"https:\\\/\\\/eventeam.fr\\\/en\\\/shop\\\/\"},{\"@type\":\"ListItem\",\"position\":3,\"name\":\"Autumn Nations Series 2025\"}]},{\"@type\":\"WebSite\",\"@id\":\"https:\\\/\\\/eventeam.fr\\\/en\\\/#website\",\"url\":\"https:\\\/\\\/eventeam.fr\\\/en\\\/\",\"name\":\"Eventeam Live\",\"description\":\"Eventeam Live, sp\u00e9cialiste des exp\u00e9riences hospitality VIP sur les plus grands \u00e9v\u00e8nements\",\"publisher\":{\"@id\":\"https:\\\/\\\/eventeam.fr\\\/en\\\/#organization\"},\"potentialAction\":[{\"@type\":\"SearchAction\",\"target\":{\"@type\":\"EntryPoint\",\"urlTemplate\":\"https:\\\/\\\/eventeam.fr\\\/en\\\/?s={search_term_string}\"},\"query-input\":{\"@type\":\"PropertyValueSpecification\",\"valueRequired\":true,\"valueName\":\"search_term_string\"}}],\"inLanguage\":\"en-US\"},{\"@type\":\"Organization\",\"@id\":\"https:\\\/\\\/eventeam.fr\\\/en\\\/#organization\",\"name\":\"Eventeam Live\",\"url\":\"https:\\\/\\\/eventeam.fr\\\/en\\\/\",\"logo\":{\"@type\":\"ImageObject\",\"inLanguage\":\"en-US\",\"@id\":\"https:\\\/\\\/eventeam.fr\\\/en\\\/#\\\/schema\\\/logo\\\/image\\\/\",\"url\":\"https:\\\/\\\/eventeam.fr\\\/wp-content\\\/uploads\\\/2023\\\/08\\\/Logo_Eventeam-Live.svg\",\"contentUrl\":\"https:\\\/\\\/eventeam.fr\\\/wp-content\\\/uploads\\\/2023\\\/08\\\/Logo_Eventeam-Live.svg\",\"width\":254,\"height\":48,\"caption\":\"Eventeam Live\"},\"image\":{\"@id\":\"https:\\\/\\\/eventeam.fr\\\/en\\\/#\\\/schema\\\/logo\\\/image\\\/\"},\"sameAs\":[\"https:\\\/\\\/www.facebook.com\\\/EventeamGroup\\\/\",\"https:\\\/\\\/x.com\\\/EventeamGroup\",\"https:\\\/\\\/fr.linkedin.com\\\/company\\\/eventeamgroup\",\"https:\\\/\\\/www.instagram.com\\\/eventeamgroup\\\/\"]}]}<\/script>\n<!-- \/ Yoast SEO plugin. -->","yoast_head_json":{"title":"Autumn Nations Series 2025 - Eventeam Live","description":"Get ready for some unforgettable rugby moments! The autumn 2025 tour promises to be explosive with clashes of the titans.","robots":{"index":"index","follow":"follow","max-snippet":"max-snippet:-1","max-image-preview":"max-image-preview:large","max-video-preview":"max-video-preview:-1"},"canonical":"https:\/\/eventeam.fr\/en\/product\/autumn-nations-series-2025\/","og_locale":"en_US","og_type":"article","og_title":"Autumn Nations Series 2025 - Eventeam Live","og_description":"Get ready for some unforgettable rugby moments! The autumn 2025 tour promises to be explosive with clashes of the titans.","og_url":"https:\/\/eventeam.fr\/en\/product\/autumn-nations-series-2025\/","og_site_name":"Eventeam Live","article_publisher":"https:\/\/www.facebook.com\/EventeamGroup\/","article_modified_time":"2025-04-24T08:05:51+00:00","og_image":[{"width":346,"height":488,"url":"https:\/\/eventeam.fr\/wp-content\/uploads\/2024\/11\/Affichette-Rugby-Test-Match-2025.png","type":"image\/png"}],"twitter_card":"summary_large_image","twitter_site":"@EventeamGroup","schema":{"@context":"https:\/\/schema.org","@graph":[{"@type":"WebPage","@id":"https:\/\/eventeam.fr\/en\/product\/autumn-nations-series-2025\/","url":"https:\/\/eventeam.fr\/en\/product\/autumn-nations-series-2025\/","name":"Autumn Nations Series 2025 - Eventeam Live","isPartOf":{"@id":"https:\/\/eventeam.fr\/en\/#website"},"primaryImageOfPage":{"@id":"https:\/\/eventeam.fr\/en\/product\/autumn-nations-series-2025\/#primaryimage"},"image":{"@id":"https:\/\/eventeam.fr\/en\/product\/autumn-nations-series-2025\/#primaryimage"},"thumbnailUrl":"https:\/\/eventeam.fr\/wp-content\/uploads\/2024\/11\/Affichette-Rugby-Test-Match-2025.png","datePublished":"2024-11-18T09:03:00+00:00","dateModified":"2025-04-24T08:05:51+00:00","description":"Get ready for some unforgettable rugby moments! The autumn 2025 tour promises to be explosive with clashes of the titans.","breadcrumb":{"@id":"https:\/\/eventeam.fr\/en\/product\/autumn-nations-series-2025\/#breadcrumb"},"inLanguage":"en-US","potentialAction":[{"@type":"ReadAction","target":["https:\/\/eventeam.fr\/en\/product\/autumn-nations-series-2025\/"]}]},{"@type":"ImageObject","inLanguage":"en-US","@id":"https:\/\/eventeam.fr\/en\/product\/autumn-nations-series-2025\/#primaryimage","url":"https:\/\/eventeam.fr\/wp-content\/uploads\/2024\/11\/Affichette-Rugby-Test-Match-2025.png","contentUrl":"https:\/\/eventeam.fr\/wp-content\/uploads\/2024\/11\/Affichette-Rugby-Test-Match-2025.png","width":346,"height":488,"caption":"Test Matchs 2025"},{"@type":"BreadcrumbList","@id":"https:\/\/eventeam.fr\/en\/product\/autumn-nations-series-2025\/#breadcrumb","itemListElement":[{"@type":"ListItem","position":1,"name":"Accueil","item":"https:\/\/eventeam.fr\/en\/"},{"@type":"ListItem","position":2,"name":"Products","item":"https:\/\/eventeam.fr\/en\/shop\/"},{"@type":"ListItem","position":3,"name":"Autumn Nations Series 2025"}]},{"@type":"WebSite","@id":"https:\/\/eventeam.fr\/en\/#website","url":"https:\/\/eventeam.fr\/en\/","name":"Eventeam Live","description":"Eventeam Live, sp\u00e9cialiste des exp\u00e9riences hospitality VIP sur les plus grands \u00e9v\u00e8nements","publisher":{"@id":"https:\/\/eventeam.fr\/en\/#organization"},"potentialAction":[{"@type":"SearchAction","target":{"@type":"EntryPoint","urlTemplate":"https:\/\/eventeam.fr\/en\/?s={search_term_string}"},"query-input":{"@type":"PropertyValueSpecification","valueRequired":true,"valueName":"search_term_string"}}],"inLanguage":"en-US"},{"@type":"Organization","@id":"https:\/\/eventeam.fr\/en\/#organization","name":"Eventeam Live","url":"https:\/\/eventeam.fr\/en\/","logo":{"@type":"ImageObject","inLanguage":"en-US","@id":"https:\/\/eventeam.fr\/en\/#\/schema\/logo\/image\/","url":"https:\/\/eventeam.fr\/wp-content\/uploads\/2023\/08\/Logo_Eventeam-Live.svg","contentUrl":"https:\/\/eventeam.fr\/wp-content\/uploads\/2023\/08\/Logo_Eventeam-Live.svg","width":254,"height":48,"caption":"Eventeam Live"},"image":{"@id":"https:\/\/eventeam.fr\/en\/#\/schema\/logo\/image\/"},"sameAs":["https:\/\/www.facebook.com\/EventeamGroup\/","https:\/\/x.com\/EventeamGroup","https:\/\/fr.linkedin.com\/company\/eventeamgroup","https:\/\/www.instagram.com\/eventeamgroup\/"]}]}},"publishpress_future_workflow_manual_trigger":{"enabledWorkflows":[]},"_links":{"self":[{"href":"https:\/\/eventeam.fr\/en\/wp-json\/wp\/v2\/product\/19871","targetHints":{"allow":["GET"]}}],"collection":[{"href":"https:\/\/eventeam.fr\/en\/wp-json\/wp\/v2\/product"}],"about":[{"href":"https:\/\/eventeam.fr\/en\/wp-json\/wp\/v2\/types\/product"}],"version-history":[{"count":0,"href":"https:\/\/eventeam.fr\/en\/wp-json\/wp\/v2\/product\/19871\/revisions"}],"wp:featuredmedia":[{"embeddable":true,"href":"https:\/\/eventeam.fr\/en\/wp-json\/wp\/v2\/media\/25555"}],"wp:attachment":[{"href":"https:\/\/eventeam.fr\/en\/wp-json\/wp\/v2\/media?parent=19871"}],"wp:term":[{"taxonomy":"product_brand","embeddable":true,"href":"https:\/\/eventeam.fr\/en\/wp-json\/wp\/v2\/product_brand?post=19871"},{"taxonomy":"product_cat","embeddable":true,"href":"https:\/\/eventeam.fr\/en\/wp-json\/wp\/v2\/product_cat?post=19871"},{"taxonomy":"product_tag","embeddable":true,"href":"https:\/\/eventeam.fr\/en\/wp-json\/wp\/v2\/product_tag?post=19871"}],"curies":[{"name":"wp","href":"https:\/\/api.w.org\/{rel}","templated":true}]}}