{"id":17094,"date":"2023-08-03T10:30:44","date_gmt":"2023-08-03T08:30:44","guid":{"rendered":"https:\/\/eventeam.fr\/my-account\/"},"modified":"2025-02-10T14:50:01","modified_gmt":"2025-02-10T13:50:01","slug":"my-account","status":"publish","type":"page","link":"https:\/\/eventeam.fr\/en\/my-account\/","title":{"rendered":"My account"},"content":{"rendered":"\t\t<div data-elementor-type=\"wp-page\" data-elementor-id=\"17094\" class=\"elementor elementor-17094 elementor-163\" data-elementor-post-type=\"page\">\n\t\t\t\t\t\t<section class=\"elementor-section elementor-top-section elementor-element elementor-element-24d2e287 elementor-section-content-middle elementor-section-full_width elementor-section-height-default elementor-section-height-default\" data-id=\"24d2e287\" data-element_type=\"section\" data-e-type=\"section\">\n\t\t\t\t\t\t<div class=\"elementor-container elementor-column-gap-default\">\n\t\t\t\t\t<div class=\"elementor-column elementor-col-100 elementor-top-column elementor-element elementor-element-5cc65b97\" data-id=\"5cc65b97\" data-element_type=\"column\" data-e-type=\"column\">\n\t\t\t<div class=\"elementor-widget-wrap elementor-element-populated\">\n\t\t\t\t\t\t<div class=\"elementor-element elementor-element-cec1485 elementor-widget elementor-widget-heading\" data-id=\"cec1485\" data-element_type=\"widget\" data-e-type=\"widget\" data-widget_type=\"heading.default\">\n\t\t\t\t<div class=\"elementor-widget-container\">\n\t\t\t\t\t<h1 class=\"elementor-heading-title elementor-size-default\">My account<\/h1>\t\t\t\t<\/div>\n\t\t\t\t<\/div>\n\t\t\t\t\t<\/div>\n\t\t<\/div>\n\t\t\t\t\t<\/div>\n\t\t<\/section>\n\t\t\t\t<section class=\"elementor-section elementor-top-section elementor-element elementor-element-27ff1c41 elementor-section-boxed elementor-section-height-default elementor-section-height-default\" data-id=\"27ff1c41\" data-element_type=\"section\" data-e-type=\"section\">\n\t\t\t\t\t\t<div class=\"elementor-container elementor-column-gap-default\">\n\t\t\t\t\t<div class=\"elementor-column elementor-col-100 elementor-top-column elementor-element elementor-element-2597d14a\" data-id=\"2597d14a\" data-element_type=\"column\" data-e-type=\"column\">\n\t\t\t<div class=\"elementor-widget-wrap elementor-element-populated\">\n\t\t\t\t\t\t<div class=\"elementor-element elementor-element-641a6fce elementor-widget elementor-widget-spacer\" data-id=\"641a6fce\" data-element_type=\"widget\" data-e-type=\"widget\" data-widget_type=\"spacer.default\">\n\t\t\t\t<div class=\"elementor-widget-container\">\n\t\t\t\t\t\t\t<div class=\"elementor-spacer\">\n\t\t\t<div class=\"elementor-spacer-inner\"><\/div>\n\t\t<\/div>\n\t\t\t\t\t\t<\/div>\n\t\t\t\t<\/div>\n\t\t\t\t\t<\/div>\n\t\t<\/div>\n\t\t\t\t\t<\/div>\n\t\t<\/section>\n\t\t\t\t<section class=\"elementor-section elementor-top-section elementor-element elementor-element-755f3f8b elementor-section-full_width elementor-section-height-default elementor-section-height-default\" data-id=\"755f3f8b\" data-element_type=\"section\" data-e-type=\"section\">\n\t\t\t\t\t\t<div class=\"elementor-container elementor-column-gap-default\">\n\t\t\t\t\t<div class=\"elementor-column elementor-col-100 elementor-top-column elementor-element elementor-element-340e1b0e\" data-id=\"340e1b0e\" data-element_type=\"column\" data-e-type=\"column\">\n\t\t\t<div class=\"elementor-widget-wrap elementor-element-populated\">\n\t\t\t\t\t\t<div class=\"elementor-element elementor-element-26c09d69 elementor-widget elementor-widget-shortcode\" data-id=\"26c09d69\" data-element_type=\"widget\" data-e-type=\"widget\" data-widget_type=\"shortcode.default\">\n\t\t\t\t<div class=\"elementor-widget-container\">\n\t\t\t\t\t\t\t<div class=\"elementor-shortcode\"><div class=\"woocommerce\"><\/div><\/div>\n\t\t\t\t\t\t<\/div>\n\t\t\t\t<\/div>\n\t\t\t\t\t<\/div>\n\t\t<\/div>\n\t\t\t\t\t<\/div>\n\t\t<\/section>\n\t\t\t\t<section class=\"elementor-section elementor-top-section elementor-element elementor-element-4810d4f9 elementor-section-boxed elementor-section-height-default elementor-section-height-default\" data-id=\"4810d4f9\" data-element_type=\"section\" data-e-type=\"section\">\n\t\t\t\t\t\t<div class=\"elementor-container elementor-column-gap-default\">\n\t\t\t\t\t<div class=\"elementor-column elementor-col-100 elementor-top-column elementor-element elementor-element-7b78fe31\" data-id=\"7b78fe31\" data-element_type=\"column\" data-e-type=\"column\">\n\t\t\t<div class=\"elementor-widget-wrap elementor-element-populated\">\n\t\t\t\t\t\t<div class=\"elementor-element elementor-element-62ba93b7 elementor-widget elementor-widget-spacer\" data-id=\"62ba93b7\" data-element_type=\"widget\" data-e-type=\"widget\" data-widget_type=\"spacer.default\">\n\t\t\t\t<div class=\"elementor-widget-container\">\n\t\t\t\t\t\t\t<div class=\"elementor-spacer\">\n\t\t\t<div class=\"elementor-spacer-inner\"><\/div>\n\t\t<\/div>\n\t\t\t\t\t\t<\/div>\n\t\t\t\t<\/div>\n\t\t\t\t\t<\/div>\n\t\t<\/div>\n\t\t\t\t\t<\/div>\n\t\t<\/section>\n\t\t\t\t<\/div>\n\t\t","protected":false},"excerpt":{"rendered":"<p>My account<\/p>\n","protected":false},"author":1,"featured_media":0,"parent":0,"menu_order":0,"comment_status":"closed","ping_status":"closed","template":"elementor_header_footer","meta":{"_acf_changed":false,"footnotes":""},"class_list":["post-17094","page","type-page","status-publish","hentry"],"acf":[],"yoast_head":"<!-- This site is optimized with the Yoast SEO plugin v27.4 - https:\/\/yoast.com\/product\/yoast-seo-wordpress\/ -->\n<title>My account - Eventeam<\/title>\n<meta name=\"robots\" content=\"index, follow, max-snippet:-1, max-image-preview:large, max-video-preview:-1\" \/>\n<link rel=\"canonical\" href=\"https:\/\/eventeam.fr\/en\/my-account\/\" \/>\n<meta property=\"og:locale\" content=\"en_US\" \/>\n<meta property=\"og:type\" content=\"article\" \/>\n<meta property=\"og:title\" content=\"My account - Eventeam\" \/>\n<meta property=\"og:description\" content=\"My account\" \/>\n<meta property=\"og:url\" content=\"https:\/\/eventeam.fr\/en\/my-account\/\" \/>\n<meta property=\"og:site_name\" content=\"Eventeam\" \/>\n<meta property=\"article:publisher\" content=\"https:\/\/www.facebook.com\/EventeamGroup\/\" \/>\n<meta property=\"article:modified_time\" content=\"2025-02-10T13:50:01+00:00\" \/>\n<meta property=\"og:image\" content=\"https:\/\/eventeam.fr\/wp-content\/uploads\/2023\/08\/Logo-Eventeam-Live.png\" \/>\n\t<meta property=\"og:image:width\" content=\"1526\" \/>\n\t<meta property=\"og:image:height\" content=\"674\" \/>\n\t<meta property=\"og:image:type\" content=\"image\/png\" \/>\n<meta name=\"twitter:card\" content=\"summary_large_image\" \/>\n<meta name=\"twitter:site\" content=\"@EventeamGroup\" \/>\n<script type=\"application\/ld+json\" class=\"yoast-schema-graph\">{\"@context\":\"https:\\\/\\\/schema.org\",\"@graph\":[{\"@type\":\"WebPage\",\"@id\":\"https:\\\/\\\/eventeam.fr\\\/en\\\/my-account\\\/\",\"url\":\"https:\\\/\\\/eventeam.fr\\\/en\\\/my-account\\\/\",\"name\":\"My account - Eventeam\",\"isPartOf\":{\"@id\":\"https:\\\/\\\/eventeam.fr\\\/en\\\/#website\"},\"datePublished\":\"2023-08-03T08:30:44+00:00\",\"dateModified\":\"2025-02-10T13:50:01+00:00\",\"breadcrumb\":{\"@id\":\"https:\\\/\\\/eventeam.fr\\\/en\\\/my-account\\\/#breadcrumb\"},\"inLanguage\":\"en-US\",\"potentialAction\":[{\"@type\":\"ReadAction\",\"target\":[\"https:\\\/\\\/eventeam.fr\\\/en\\\/my-account\\\/\"]}]},{\"@type\":\"BreadcrumbList\",\"@id\":\"https:\\\/\\\/eventeam.fr\\\/en\\\/my-account\\\/#breadcrumb\",\"itemListElement\":[{\"@type\":\"ListItem\",\"position\":1,\"name\":\"Accueil\",\"item\":\"https:\\\/\\\/eventeam.fr\\\/en\\\/\"},{\"@type\":\"ListItem\",\"position\":2,\"name\":\"My account\"}]},{\"@type\":\"WebSite\",\"@id\":\"https:\\\/\\\/eventeam.fr\\\/en\\\/#website\",\"url\":\"https:\\\/\\\/eventeam.fr\\\/en\\\/\",\"name\":\"Eventeam Live\",\"description\":\"Eventeam Live, sp\u00e9cialiste des exp\u00e9riences hospitality VIP sur les plus grands \u00e9v\u00e8nements\",\"publisher\":{\"@id\":\"https:\\\/\\\/eventeam.fr\\\/en\\\/#organization\"},\"potentialAction\":[{\"@type\":\"SearchAction\",\"target\":{\"@type\":\"EntryPoint\",\"urlTemplate\":\"https:\\\/\\\/eventeam.fr\\\/en\\\/?s={search_term_string}\"},\"query-input\":{\"@type\":\"PropertyValueSpecification\",\"valueRequired\":true,\"valueName\":\"search_term_string\"}}],\"inLanguage\":\"en-US\"},{\"@type\":\"Organization\",\"@id\":\"https:\\\/\\\/eventeam.fr\\\/en\\\/#organization\",\"name\":\"Eventeam Live\",\"url\":\"https:\\\/\\\/eventeam.fr\\\/en\\\/\",\"logo\":{\"@type\":\"ImageObject\",\"inLanguage\":\"en-US\",\"@id\":\"https:\\\/\\\/eventeam.fr\\\/en\\\/#\\\/schema\\\/logo\\\/image\\\/\",\"url\":\"https:\\\/\\\/eventeam.fr\\\/wp-content\\\/uploads\\\/2023\\\/08\\\/Logo_Eventeam-Live.svg\",\"contentUrl\":\"https:\\\/\\\/eventeam.fr\\\/wp-content\\\/uploads\\\/2023\\\/08\\\/Logo_Eventeam-Live.svg\",\"width\":254,\"height\":48,\"caption\":\"Eventeam Live\"},\"image\":{\"@id\":\"https:\\\/\\\/eventeam.fr\\\/en\\\/#\\\/schema\\\/logo\\\/image\\\/\"},\"sameAs\":[\"https:\\\/\\\/www.facebook.com\\\/EventeamGroup\\\/\",\"https:\\\/\\\/x.com\\\/EventeamGroup\",\"https:\\\/\\\/fr.linkedin.com\\\/company\\\/eventeamgroup\",\"https:\\\/\\\/www.instagram.com\\\/eventeamgroup\\\/\"]}]}<\/script>\n<!-- \/ Yoast SEO plugin. -->","yoast_head_json":{"title":"My account - Eventeam","robots":{"index":"index","follow":"follow","max-snippet":"max-snippet:-1","max-image-preview":"max-image-preview:large","max-video-preview":"max-video-preview:-1"},"canonical":"https:\/\/eventeam.fr\/en\/my-account\/","og_locale":"en_US","og_type":"article","og_title":"My account - Eventeam","og_description":"My account","og_url":"https:\/\/eventeam.fr\/en\/my-account\/","og_site_name":"Eventeam","article_publisher":"https:\/\/www.facebook.com\/EventeamGroup\/","article_modified_time":"2025-02-10T13:50:01+00:00","og_image":[{"width":1526,"height":674,"url":"https:\/\/eventeam.fr\/wp-content\/uploads\/2023\/08\/Logo-Eventeam-Live.png","type":"image\/png"}],"twitter_card":"summary_large_image","twitter_site":"@EventeamGroup","schema":{"@context":"https:\/\/schema.org","@graph":[{"@type":"WebPage","@id":"https:\/\/eventeam.fr\/en\/my-account\/","url":"https:\/\/eventeam.fr\/en\/my-account\/","name":"My account - Eventeam","isPartOf":{"@id":"https:\/\/eventeam.fr\/en\/#website"},"datePublished":"2023-08-03T08:30:44+00:00","dateModified":"2025-02-10T13:50:01+00:00","breadcrumb":{"@id":"https:\/\/eventeam.fr\/en\/my-account\/#breadcrumb"},"inLanguage":"en-US","potentialAction":[{"@type":"ReadAction","target":["https:\/\/eventeam.fr\/en\/my-account\/"]}]},{"@type":"BreadcrumbList","@id":"https:\/\/eventeam.fr\/en\/my-account\/#breadcrumb","itemListElement":[{"@type":"ListItem","position":1,"name":"Accueil","item":"https:\/\/eventeam.fr\/en\/"},{"@type":"ListItem","position":2,"name":"My account"}]},{"@type":"WebSite","@id":"https:\/\/eventeam.fr\/en\/#website","url":"https:\/\/eventeam.fr\/en\/","name":"Eventeam Live","description":"Eventeam Live, sp\u00e9cialiste des exp\u00e9riences hospitality VIP sur les plus grands \u00e9v\u00e8nements","publisher":{"@id":"https:\/\/eventeam.fr\/en\/#organization"},"potentialAction":[{"@type":"SearchAction","target":{"@type":"EntryPoint","urlTemplate":"https:\/\/eventeam.fr\/en\/?s={search_term_string}"},"query-input":{"@type":"PropertyValueSpecification","valueRequired":true,"valueName":"search_term_string"}}],"inLanguage":"en-US"},{"@type":"Organization","@id":"https:\/\/eventeam.fr\/en\/#organization","name":"Eventeam Live","url":"https:\/\/eventeam.fr\/en\/","logo":{"@type":"ImageObject","inLanguage":"en-US","@id":"https:\/\/eventeam.fr\/en\/#\/schema\/logo\/image\/","url":"https:\/\/eventeam.fr\/wp-content\/uploads\/2023\/08\/Logo_Eventeam-Live.svg","contentUrl":"https:\/\/eventeam.fr\/wp-content\/uploads\/2023\/08\/Logo_Eventeam-Live.svg","width":254,"height":48,"caption":"Eventeam Live"},"image":{"@id":"https:\/\/eventeam.fr\/en\/#\/schema\/logo\/image\/"},"sameAs":["https:\/\/www.facebook.com\/EventeamGroup\/","https:\/\/x.com\/EventeamGroup","https:\/\/fr.linkedin.com\/company\/eventeamgroup","https:\/\/www.instagram.com\/eventeamgroup\/"]}]}},"publishpress_future_action":{"enabled":false,"date":"2026-04-28 16:10:00","action":"change-status","newStatus":"draft","terms":[],"taxonomy":"translation_priority","extraData":[]},"publishpress_future_workflow_manual_trigger":{"enabledWorkflows":[]},"_links":{"self":[{"href":"https:\/\/eventeam.fr\/en\/wp-json\/wp\/v2\/pages\/17094","targetHints":{"allow":["GET"]}}],"collection":[{"href":"https:\/\/eventeam.fr\/en\/wp-json\/wp\/v2\/pages"}],"about":[{"href":"https:\/\/eventeam.fr\/en\/wp-json\/wp\/v2\/types\/page"}],"author":[{"embeddable":true,"href":"https:\/\/eventeam.fr\/en\/wp-json\/wp\/v2\/users\/1"}],"replies":[{"embeddable":true,"href":"https:\/\/eventeam.fr\/en\/wp-json\/wp\/v2\/comments?post=17094"}],"version-history":[{"count":0,"href":"https:\/\/eventeam.fr\/en\/wp-json\/wp\/v2\/pages\/17094\/revisions"}],"wp:attachment":[{"href":"https:\/\/eventeam.fr\/en\/wp-json\/wp\/v2\/media?parent=17094"}],"curies":[{"name":"wp","href":"https:\/\/api.w.org\/{rel}","templated":true}]}}