{"id":16736,"date":"2023-08-03T10:30:43","date_gmt":"2023-08-03T08:30:43","guid":{"rendered":"https:\/\/eventeam.fr\/information\/"},"modified":"2025-07-17T15:28:29","modified_gmt":"2025-07-17T13:28:29","slug":"information","status":"publish","type":"page","link":"https:\/\/eventeam.fr\/en\/information\/","title":{"rendered":"Information"},"content":{"rendered":"\t\t<div data-elementor-type=\"wp-page\" data-elementor-id=\"16736\" class=\"elementor elementor-16736 elementor-136\" data-elementor-post-type=\"page\">\n\t\t\t\t\t\t<section class=\"elementor-section elementor-top-section elementor-element elementor-element-366ddba5 elementor-section-height-min-height elementor-section-boxed elementor-section-height-default elementor-section-items-middle\" data-id=\"366ddba5\" data-element_type=\"section\" data-e-type=\"section\" data-settings=\"{&quot;background_background&quot;:&quot;classic&quot;}\">\n\t\t\t\t\t\t<div class=\"elementor-container elementor-column-gap-default\">\n\t\t\t\t\t<div class=\"elementor-column elementor-col-100 elementor-top-column elementor-element elementor-element-e623222\" data-id=\"e623222\" data-element_type=\"column\" data-e-type=\"column\">\n\t\t\t<div class=\"elementor-widget-wrap elementor-element-populated\">\n\t\t\t\t\t\t<div class=\"elementor-element elementor-element-8ab11ee elementor-widget elementor-widget-heading\" data-id=\"8ab11ee\" data-element_type=\"widget\" data-e-type=\"widget\" data-widget_type=\"heading.default\">\n\t\t\t\t<div class=\"elementor-widget-container\">\n\t\t\t\t\t<h1 class=\"elementor-heading-title elementor-size-default\">CONTACT FORM<\/h1>\t\t\t\t<\/div>\n\t\t\t\t<\/div>\n\t\t\t\t\t<\/div>\n\t\t<\/div>\n\t\t\t\t\t<\/div>\n\t\t<\/section>\n\t\t\t\t<section class=\"elementor-section elementor-top-section elementor-element elementor-element-6f2adc6d elementor-section-boxed elementor-section-height-default elementor-section-height-default\" data-id=\"6f2adc6d\" data-element_type=\"section\" data-e-type=\"section\">\n\t\t\t\t\t\t<div class=\"elementor-container elementor-column-gap-default\">\n\t\t\t\t\t<div class=\"elementor-column elementor-col-100 elementor-top-column elementor-element elementor-element-1aea970d\" data-id=\"1aea970d\" data-element_type=\"column\" data-e-type=\"column\">\n\t\t\t<div class=\"elementor-widget-wrap elementor-element-populated\">\n\t\t\t\t\t\t<div class=\"elementor-element elementor-element-7bdc61f elementor-widget elementor-widget-spacer\" data-id=\"7bdc61f\" data-element_type=\"widget\" data-e-type=\"widget\" data-widget_type=\"spacer.default\">\n\t\t\t\t<div class=\"elementor-widget-container\">\n\t\t\t\t\t\t\t<div class=\"elementor-spacer\">\n\t\t\t<div class=\"elementor-spacer-inner\"><\/div>\n\t\t<\/div>\n\t\t\t\t\t\t<\/div>\n\t\t\t\t<\/div>\n\t\t\t\t<div class=\"elementor-element elementor-element-318e8ca9 elementor-widget elementor-widget-text-editor\" data-id=\"318e8ca9\" data-element_type=\"widget\" data-e-type=\"widget\" data-widget_type=\"text-editor.default\">\n\t\t\t\t<div class=\"elementor-widget-container\">\n\t\t\t\t\t\t\t\t\t<p style=\"text-align: center;\" data-pm-slice=\"1 1 [\"list\",{},\"list_item\",{\"indent\":1,\"type\":\"bulleted\"}]\"><strong>Would you like to find out more about our Hospitality and Stay experiences?  <\/strong><\/p><p style=\"text-align: center;\" data-pm-slice=\"1 1 [\"list\",{},\"list_item\",{\"indent\":1,\"type\":\"bulleted\"}]\"><strong>Leave us your contact details and we&#8217;ll get back to you!<\/strong><\/p>\t\t\t\t\t\t\t\t<\/div>\n\t\t\t\t<\/div>\n\t\t\t\t\t<\/div>\n\t\t<\/div>\n\t\t\t\t\t<\/div>\n\t\t<\/section>\n\t\t\t\t<section class=\"elementor-section elementor-top-section elementor-element elementor-element-59b77aac bloc-form elementor-section-boxed elementor-section-height-default elementor-section-height-default\" data-id=\"59b77aac\" data-element_type=\"section\" data-e-type=\"section\" data-settings=\"{&quot;background_background&quot;:&quot;classic&quot;}\">\n\t\t\t\t\t\t<div class=\"elementor-container elementor-column-gap-default\">\n\t\t\t\t\t<div class=\"elementor-column elementor-col-100 elementor-top-column elementor-element elementor-element-cd3c5e2\" data-id=\"cd3c5e2\" data-element_type=\"column\" data-e-type=\"column\">\n\t\t\t<div class=\"elementor-widget-wrap elementor-element-populated\">\n\t\t\t\t\t\t<div class=\"elementor-element elementor-element-61608c0 elementor-widget elementor-widget-shortcode\" data-id=\"61608c0\" data-element_type=\"widget\" data-e-type=\"widget\" id=\"conf-container\" data-widget_type=\"shortcode.default\">\n\t\t\t\t<div class=\"elementor-widget-container\">\n\t\t\t\t\t\t\t<div class=\"elementor-shortcode\">\n<div class=\"wpcf7 no-js\" id=\"wpcf7-f25964-o1\" lang=\"en-US\" dir=\"ltr\" data-wpcf7-id=\"25964\">\n<div class=\"screen-reader-response\"><p role=\"status\" aria-live=\"polite\" aria-atomic=\"true\"><\/p> <ul><\/ul><\/div>\n<form action=\"\/en\/wp-json\/wp\/v2\/pages\/16736#wpcf7-f25964-o1\" method=\"post\" class=\"wpcf7-form init\" aria-label=\"Contact form\" novalidate=\"novalidate\" data-status=\"init\">\n<fieldset class=\"hidden-fields-container\"><input type=\"hidden\" name=\"_wpcf7\" value=\"25964\" \/><input type=\"hidden\" name=\"_wpcf7_version\" value=\"6.1.5\" \/><input type=\"hidden\" name=\"_wpcf7_locale\" value=\"en_US\" \/><input type=\"hidden\" name=\"_wpcf7_unit_tag\" value=\"wpcf7-f25964-o1\" \/><input type=\"hidden\" name=\"_wpcf7_container_post\" value=\"0\" \/><input type=\"hidden\" name=\"_wpcf7_posted_data_hash\" value=\"\" \/><input type=\"hidden\" name=\"_wpcf7cf_hidden_group_fields\" value=\"[]\" \/><input type=\"hidden\" name=\"_wpcf7cf_hidden_groups\" value=\"[]\" \/><input type=\"hidden\" name=\"_wpcf7cf_visible_groups\" value=\"[]\" \/><input type=\"hidden\" name=\"_wpcf7cf_repeaters\" value=\"[]\" \/><input type=\"hidden\" name=\"_wpcf7cf_steps\" value=\"{}\" \/><input type=\"hidden\" name=\"_wpcf7cf_options\" value=\"{&quot;form_id&quot;:25964,&quot;conditions&quot;:[{&quot;then_field&quot;:&quot;societe-conditionnelle&quot;,&quot;and_rules&quot;:[{&quot;if_field&quot;:&quot;select-308&quot;,&quot;operator&quot;:&quot;equals&quot;,&quot;if_value&quot;:&quot;Company&quot;}]}],&quot;settings&quot;:{&quot;animation&quot;:&quot;yes&quot;,&quot;animation_intime&quot;:200,&quot;animation_outtime&quot;:200,&quot;conditions_ui&quot;:&quot;normal&quot;,&quot;notice_dismissed&quot;:false,&quot;notice_dismissed_rollback-cf7-6.0.5&quot;:true}}\" \/><input type=\"hidden\" name=\"_wpcf7dtx_version\" value=\"5.0.5\" \/><input type=\"hidden\" name=\"_wpcf7_recaptcha_response\" value=\"\" \/>\n<\/fieldset>\n<div class=\"deux-col\">\n\t<p><label> Last name*<br \/>\n<span class=\"wpcf7-form-control-wrap\" data-name=\"your-name\"><input size=\"40\" maxlength=\"400\" class=\"wpcf7-form-control wpcf7-text wpcf7-validates-as-required\" aria-required=\"true\" aria-invalid=\"false\" value=\"\" type=\"text\" name=\"your-name\" \/><\/span> <\/label><label> First name*<br \/>\n<span class=\"wpcf7-form-control-wrap\" data-name=\"your-surname\"><input size=\"40\" maxlength=\"400\" class=\"wpcf7-form-control wpcf7-text wpcf7-validates-as-required\" aria-required=\"true\" aria-invalid=\"false\" value=\"\" type=\"text\" name=\"your-surname\" \/><\/span> <\/label>\n\t<\/p>\n<\/div>\n<div class=\"deux-col selectfull\">\n\t<p><label>I am a*<br \/>\n<span class=\"wpcf7-form-control-wrap\" data-name=\"select-308\"><select class=\"wpcf7-form-control wpcf7-select wpcf7-validates-as-required\" aria-required=\"true\" aria-invalid=\"false\" name=\"select-308\"><option value=\"please select\">please select<\/option><option value=\"Individual\">Individual<\/option><option value=\"Company\">Company<\/option><option value=\"Company committee\">Company committee<\/option><option value=\"Club or association\">Club or association<\/option><option value=\"Other\">Other<\/option><\/select><\/span><\/label>\n\t<\/p>\n\t<div data-id=\"societe-conditionnelle\" data-orig_data_id=\"societe-conditionnelle\"  class=\"\" data-class=\"wpcf7cf_group\">\n\t\t<p><label>Company name* <span class=\"wpcf7-form-control-wrap\" data-name=\"your-company\"><input size=\"40\" maxlength=\"400\" class=\"wpcf7-form-control wpcf7-text wpcf7-validates-as-required\" aria-required=\"true\" aria-invalid=\"false\" value=\"\" type=\"text\" name=\"your-company\" \/><\/span><\/label>\n\t\t<\/p>\n\t<\/div>\n<\/div>\n<div class=\"deux-col\">\n\t<p><label> Mobile*<br \/>\n<span class=\"wpcf7-form-control-wrap\" data-name=\"your-tel\"><input size=\"40\" maxlength=\"400\" class=\"wpcf7-form-control wpcf7-tel wpcf7-validates-as-required wpcf7-text wpcf7-validates-as-tel\" aria-required=\"true\" aria-invalid=\"false\" value=\"\" type=\"tel\" name=\"your-tel\" \/><\/span><\/label><label>E-mail*<br \/>\n<span class=\"wpcf7-form-control-wrap\" data-name=\"your-email\"><input size=\"40\" maxlength=\"400\" class=\"wpcf7-form-control wpcf7-email wpcf7-validates-as-required wpcf7-text wpcf7-validates-as-email\" aria-required=\"true\" aria-invalid=\"false\" value=\"\" type=\"email\" name=\"your-email\" \/><\/span><\/label>\n\t<\/p>\n<\/div>\n<span class=\"wpcf7-form-control-wrap dynamic_hidden-72\" data-name=\"dynamic_hidden-72\"><input type=\"hidden\" name=\"dynamic_hidden-72\" class=\"wpcf7-form-control wpcf7-hidden wpcf7dtx wpcf7dtx-hidden\" aria-invalid=\"false\"><\/span>\n<span class=\"wpcf7-form-control-wrap dynamic_hidden-877\" data-name=\"dynamic_hidden-877\"><input type=\"hidden\" name=\"dynamic_hidden-877\" class=\"wpcf7-form-control wpcf7-hidden wpcf7dtx wpcf7dtx-hidden\" aria-invalid=\"false\" value=\"Contact form\"><\/span>\n<p><label> To help us respond to your enquiry, please specify the subject of your request*<br \/>\n<span class=\"wpcf7-form-control-wrap your-message\" data-name=\"your-message\"><textarea name=\"your-message\" class=\"wpcf7-form-control wpcf7-textarea wpcf7dtx wpcf7dtx-textarea\" aria-invalid=\"false\" required=\"required\"><\/textarea><\/span> <\/label>\n<\/p>\n<p><span class=\"wpcf7-form-control-wrap\" data-name=\"checkbox-731\"><span class=\"wpcf7-form-control wpcf7-checkbox rgpdcheckbox\"><span class=\"wpcf7-list-item first last\"><label><input type=\"checkbox\" name=\"checkbox-731[]\" value=\"By ticking this box, I agree to receive information, news and commercial offers from Eventeam by e-mail. You may withdraw your consent at any time by clicking on the unsubscribe link in our communications.\" \/><span class=\"wpcf7-list-item-label\">By ticking this box, I agree to receive information, news and commercial offers from Eventeam by e-mail. You may withdraw your consent at any time by clicking on the unsubscribe link in our communications.<\/span><\/label><\/span><\/span><\/span>\n<\/p>\n<p><input class=\"wpcf7-form-control wpcf7-submit has-spinner\" type=\"submit\" value=\"Send\" \/>\n<\/p><div class=\"wpcf7-response-output\" aria-hidden=\"true\"><\/div>\n<\/form>\n<\/div>\n<\/div>\n\t\t\t\t\t\t<\/div>\n\t\t\t\t<\/div>\n\t\t\t\t<div class=\"elementor-element elementor-element-49b70ce1 elementor-widget elementor-widget-text-editor\" data-id=\"49b70ce1\" data-element_type=\"widget\" data-e-type=\"widget\" data-widget_type=\"text-editor.default\">\n\t\t\t\t<div class=\"elementor-widget-container\">\n\t\t\t\t\t\t\t\t\t<p>For more information on how we use your personal data and on your rights, please consult our <a style=\"background-color: #ffffff;\" href=\"https:\/\/eventeam.fr\/en\/privacy-policy\/\" target=\"_blank\" rel=\"noopener\">privacy policy<\/a>.<\/p><p> <\/p><p>* Mandatory fields<\/p>\t\t\t\t\t\t\t\t<\/div>\n\t\t\t\t<\/div>\n\t\t\t\t\t<\/div>\n\t\t<\/div>\n\t\t\t\t\t<\/div>\n\t\t<\/section>\n\t\t\t\t<\/div>\n\t\t","protected":false},"excerpt":{"rendered":"<p>CONTACT FORM Would you like to find out more about our Hospitality and Stay experiences? Leave us your contact details and we&#8217;ll get back to you! For more information on how we use your personal data and on your rights, please consult our privacy policy. * Mandatory fields<\/p>\n","protected":false},"author":1,"featured_media":0,"parent":0,"menu_order":0,"comment_status":"closed","ping_status":"closed","template":"elementor_header_footer","meta":{"_acf_changed":false,"footnotes":""},"class_list":["post-16736","page","type-page","status-publish","hentry"],"acf":[],"yoast_head":"<!-- This site is optimized with the Yoast SEO plugin v27.4 - https:\/\/yoast.com\/product\/yoast-seo-wordpress\/ -->\n<title>CONTACT US - Eventeam<\/title>\n<meta name=\"description\" content=\"Would you like to find out more about our Hospitality and Stays experiences? Leave us your details and we&#039;ll get back to you!\" \/>\n<meta name=\"robots\" content=\"index, follow, max-snippet:-1, max-image-preview:large, max-video-preview:-1\" \/>\n<link rel=\"canonical\" href=\"https:\/\/eventeam.fr\/en\/information\/\" \/>\n<meta property=\"og:locale\" content=\"en_US\" \/>\n<meta property=\"og:type\" content=\"article\" \/>\n<meta property=\"og:title\" content=\"CONTACT US - Eventeam\" \/>\n<meta property=\"og:description\" content=\"Would you like to find out more about our Hospitality and Stays experiences? Leave us your details and we&#039;ll get back to you!\" \/>\n<meta property=\"og:url\" content=\"https:\/\/eventeam.fr\/en\/information\/\" \/>\n<meta property=\"og:site_name\" content=\"Eventeam\" \/>\n<meta property=\"article:publisher\" content=\"https:\/\/www.facebook.com\/EventeamGroup\/\" \/>\n<meta property=\"article:modified_time\" content=\"2025-07-17T13:28:29+00:00\" \/>\n<meta property=\"og:image\" content=\"https:\/\/eventeam.fr\/wp-content\/uploads\/2023\/08\/Logo-Eventeam-Live.png\" \/>\n\t<meta property=\"og:image:width\" content=\"1526\" \/>\n\t<meta property=\"og:image:height\" content=\"674\" \/>\n\t<meta property=\"og:image:type\" content=\"image\/png\" \/>\n<meta name=\"twitter:card\" content=\"summary_large_image\" \/>\n<meta name=\"twitter:site\" content=\"@EventeamGroup\" \/>\n<meta name=\"twitter:label1\" content=\"Est. reading time\" \/>\n\t<meta name=\"twitter:data1\" content=\"1 minute\" \/>\n<script type=\"application\/ld+json\" class=\"yoast-schema-graph\">{\"@context\":\"https:\\\/\\\/schema.org\",\"@graph\":[{\"@type\":\"WebPage\",\"@id\":\"https:\\\/\\\/eventeam.fr\\\/en\\\/information\\\/\",\"url\":\"https:\\\/\\\/eventeam.fr\\\/en\\\/information\\\/\",\"name\":\"CONTACT US - Eventeam\",\"isPartOf\":{\"@id\":\"https:\\\/\\\/eventeam.fr\\\/en\\\/#website\"},\"datePublished\":\"2023-08-03T08:30:43+00:00\",\"dateModified\":\"2025-07-17T13:28:29+00:00\",\"description\":\"Would you like to find out more about our Hospitality and Stays experiences? Leave us your details and we'll get back to you!\",\"breadcrumb\":{\"@id\":\"https:\\\/\\\/eventeam.fr\\\/en\\\/information\\\/#breadcrumb\"},\"inLanguage\":\"en-US\",\"potentialAction\":[{\"@type\":\"ReadAction\",\"target\":[\"https:\\\/\\\/eventeam.fr\\\/en\\\/information\\\/\"]}]},{\"@type\":\"BreadcrumbList\",\"@id\":\"https:\\\/\\\/eventeam.fr\\\/en\\\/information\\\/#breadcrumb\",\"itemListElement\":[{\"@type\":\"ListItem\",\"position\":1,\"name\":\"Accueil\",\"item\":\"https:\\\/\\\/eventeam.fr\\\/en\\\/\"},{\"@type\":\"ListItem\",\"position\":2,\"name\":\"Information\"}]},{\"@type\":\"WebSite\",\"@id\":\"https:\\\/\\\/eventeam.fr\\\/en\\\/#website\",\"url\":\"https:\\\/\\\/eventeam.fr\\\/en\\\/\",\"name\":\"Eventeam Live\",\"description\":\"Eventeam Live, sp\u00e9cialiste des exp\u00e9riences hospitality VIP sur les plus grands \u00e9v\u00e8nements\",\"publisher\":{\"@id\":\"https:\\\/\\\/eventeam.fr\\\/en\\\/#organization\"},\"potentialAction\":[{\"@type\":\"SearchAction\",\"target\":{\"@type\":\"EntryPoint\",\"urlTemplate\":\"https:\\\/\\\/eventeam.fr\\\/en\\\/?s={search_term_string}\"},\"query-input\":{\"@type\":\"PropertyValueSpecification\",\"valueRequired\":true,\"valueName\":\"search_term_string\"}}],\"inLanguage\":\"en-US\"},{\"@type\":\"Organization\",\"@id\":\"https:\\\/\\\/eventeam.fr\\\/en\\\/#organization\",\"name\":\"Eventeam Live\",\"url\":\"https:\\\/\\\/eventeam.fr\\\/en\\\/\",\"logo\":{\"@type\":\"ImageObject\",\"inLanguage\":\"en-US\",\"@id\":\"https:\\\/\\\/eventeam.fr\\\/en\\\/#\\\/schema\\\/logo\\\/image\\\/\",\"url\":\"https:\\\/\\\/eventeam.fr\\\/wp-content\\\/uploads\\\/2023\\\/08\\\/Logo_Eventeam-Live.svg\",\"contentUrl\":\"https:\\\/\\\/eventeam.fr\\\/wp-content\\\/uploads\\\/2023\\\/08\\\/Logo_Eventeam-Live.svg\",\"width\":254,\"height\":48,\"caption\":\"Eventeam Live\"},\"image\":{\"@id\":\"https:\\\/\\\/eventeam.fr\\\/en\\\/#\\\/schema\\\/logo\\\/image\\\/\"},\"sameAs\":[\"https:\\\/\\\/www.facebook.com\\\/EventeamGroup\\\/\",\"https:\\\/\\\/x.com\\\/EventeamGroup\",\"https:\\\/\\\/fr.linkedin.com\\\/company\\\/eventeamgroup\",\"https:\\\/\\\/www.instagram.com\\\/eventeamgroup\\\/\"]}]}<\/script>\n<!-- \/ Yoast SEO plugin. -->","yoast_head_json":{"title":"CONTACT US - Eventeam","description":"Would you like to find out more about our Hospitality and Stays experiences? Leave us your details and we'll get back to you!","robots":{"index":"index","follow":"follow","max-snippet":"max-snippet:-1","max-image-preview":"max-image-preview:large","max-video-preview":"max-video-preview:-1"},"canonical":"https:\/\/eventeam.fr\/en\/information\/","og_locale":"en_US","og_type":"article","og_title":"CONTACT US - Eventeam","og_description":"Would you like to find out more about our Hospitality and Stays experiences? Leave us your details and we'll get back to you!","og_url":"https:\/\/eventeam.fr\/en\/information\/","og_site_name":"Eventeam","article_publisher":"https:\/\/www.facebook.com\/EventeamGroup\/","article_modified_time":"2025-07-17T13:28:29+00:00","og_image":[{"width":1526,"height":674,"url":"https:\/\/eventeam.fr\/wp-content\/uploads\/2023\/08\/Logo-Eventeam-Live.png","type":"image\/png"}],"twitter_card":"summary_large_image","twitter_site":"@EventeamGroup","twitter_misc":{"Est. reading time":"1 minute"},"schema":{"@context":"https:\/\/schema.org","@graph":[{"@type":"WebPage","@id":"https:\/\/eventeam.fr\/en\/information\/","url":"https:\/\/eventeam.fr\/en\/information\/","name":"CONTACT US - Eventeam","isPartOf":{"@id":"https:\/\/eventeam.fr\/en\/#website"},"datePublished":"2023-08-03T08:30:43+00:00","dateModified":"2025-07-17T13:28:29+00:00","description":"Would you like to find out more about our Hospitality and Stays experiences? Leave us your details and we'll get back to you!","breadcrumb":{"@id":"https:\/\/eventeam.fr\/en\/information\/#breadcrumb"},"inLanguage":"en-US","potentialAction":[{"@type":"ReadAction","target":["https:\/\/eventeam.fr\/en\/information\/"]}]},{"@type":"BreadcrumbList","@id":"https:\/\/eventeam.fr\/en\/information\/#breadcrumb","itemListElement":[{"@type":"ListItem","position":1,"name":"Accueil","item":"https:\/\/eventeam.fr\/en\/"},{"@type":"ListItem","position":2,"name":"Information"}]},{"@type":"WebSite","@id":"https:\/\/eventeam.fr\/en\/#website","url":"https:\/\/eventeam.fr\/en\/","name":"Eventeam Live","description":"Eventeam Live, sp\u00e9cialiste des exp\u00e9riences hospitality VIP sur les plus grands \u00e9v\u00e8nements","publisher":{"@id":"https:\/\/eventeam.fr\/en\/#organization"},"potentialAction":[{"@type":"SearchAction","target":{"@type":"EntryPoint","urlTemplate":"https:\/\/eventeam.fr\/en\/?s={search_term_string}"},"query-input":{"@type":"PropertyValueSpecification","valueRequired":true,"valueName":"search_term_string"}}],"inLanguage":"en-US"},{"@type":"Organization","@id":"https:\/\/eventeam.fr\/en\/#organization","name":"Eventeam Live","url":"https:\/\/eventeam.fr\/en\/","logo":{"@type":"ImageObject","inLanguage":"en-US","@id":"https:\/\/eventeam.fr\/en\/#\/schema\/logo\/image\/","url":"https:\/\/eventeam.fr\/wp-content\/uploads\/2023\/08\/Logo_Eventeam-Live.svg","contentUrl":"https:\/\/eventeam.fr\/wp-content\/uploads\/2023\/08\/Logo_Eventeam-Live.svg","width":254,"height":48,"caption":"Eventeam Live"},"image":{"@id":"https:\/\/eventeam.fr\/en\/#\/schema\/logo\/image\/"},"sameAs":["https:\/\/www.facebook.com\/EventeamGroup\/","https:\/\/x.com\/EventeamGroup","https:\/\/fr.linkedin.com\/company\/eventeamgroup","https:\/\/www.instagram.com\/eventeamgroup\/"]}]}},"publishpress_future_action":{"enabled":false,"date":"2026-04-29 13:01:50","action":"change-status","newStatus":"draft","terms":[],"taxonomy":"translation_priority","extraData":[]},"publishpress_future_workflow_manual_trigger":{"enabledWorkflows":[]},"_links":{"self":[{"href":"https:\/\/eventeam.fr\/en\/wp-json\/wp\/v2\/pages\/16736","targetHints":{"allow":["GET"]}}],"collection":[{"href":"https:\/\/eventeam.fr\/en\/wp-json\/wp\/v2\/pages"}],"about":[{"href":"https:\/\/eventeam.fr\/en\/wp-json\/wp\/v2\/types\/page"}],"author":[{"embeddable":true,"href":"https:\/\/eventeam.fr\/en\/wp-json\/wp\/v2\/users\/1"}],"replies":[{"embeddable":true,"href":"https:\/\/eventeam.fr\/en\/wp-json\/wp\/v2\/comments?post=16736"}],"version-history":[{"count":0,"href":"https:\/\/eventeam.fr\/en\/wp-json\/wp\/v2\/pages\/16736\/revisions"}],"wp:attachment":[{"href":"https:\/\/eventeam.fr\/en\/wp-json\/wp\/v2\/media?parent=16736"}],"curies":[{"name":"wp","href":"https:\/\/api.w.org\/{rel}","templated":true}]}}